{"id":643,"date":"2020-04-27T17:59:45","date_gmt":"2020-04-27T15:59:45","guid":{"rendered":"http:\/\/lindenegg-biel.ch\/restaurant\/"},"modified":"2026-04-28T12:26:14","modified_gmt":"2026-04-28T10:26:14","slug":"restaurant","status":"publish","type":"page","link":"https:\/\/lindenegg-biel.ch\/fr\/restaurant\/","title":{"rendered":"RESTAURANT"},"content":{"rendered":"\t\t<div data-elementor-type=\"wp-page\" data-elementor-id=\"643\" class=\"elementor elementor-643 elementor-185\" data-elementor-post-type=\"page\">\n\t\t\t\t\t\t<section class=\"elementor-section elementor-top-section elementor-element elementor-element-19c08fd elementor-section-stretched elementor-section-full_width elementor-section-content-top elementor-section-height-min-height elementor-reverse-tablet elementor-reverse-mobile elementor-section-items-stretch elementor-section-height-default\" data-id=\"19c08fd\" data-element_type=\"section\" data-e-type=\"section\" data-settings=\"{&quot;stretch_section&quot;:&quot;section-stretched&quot;}\">\n\t\t\t\t\t\t<div class=\"elementor-container elementor-column-gap-default\">\n\t\t\t\t\t<div class=\"elementor-column elementor-col-50 elementor-top-column elementor-element elementor-element-24109cc\" data-id=\"24109cc\" data-element_type=\"column\" data-e-type=\"column\" id=\"ColFixeRight\" data-settings=\"{&quot;background_background&quot;:&quot;classic&quot;}\">\n\t\t\t<div class=\"elementor-widget-wrap elementor-element-populated\">\n\t\t\t\t\t\t<div class=\"elementor-element elementor-element-d51eabc elementor-widget elementor-widget-heading\" data-id=\"d51eabc\" data-element_type=\"widget\" data-e-type=\"widget\" data-widget_type=\"heading.default\">\n\t\t\t\t<div class=\"elementor-widget-container\">\n\t\t\t\t\t<h2 class=\"elementor-heading-title elementor-size-default\"><a href=\"http:\/\/lindenegg-biel.ch\/wp-content\/uploads\/2026\/04\/23.4.26.pdf\" target=\"_blank\">\u2192 Carte du menu (PDF)<\/a><\/h2>\t\t\t\t<\/div>\n\t\t\t\t<\/div>\n\t\t\t\t<div class=\"elementor-element elementor-element-7d519ff elementor-widget elementor-widget-heading\" data-id=\"7d519ff\" data-element_type=\"widget\" data-e-type=\"widget\" data-widget_type=\"heading.default\">\n\t\t\t\t<div class=\"elementor-widget-container\">\n\t\t\t\t\t<h2 class=\"elementor-heading-title elementor-size-default\"><a href=\"http:\/\/lindenegg-biel.ch\/wp-content\/uploads\/2026\/04\/midi_30.4.26.pdf\">\u2192 Menu de midi (PDF)<\/a><\/h2>\t\t\t\t<\/div>\n\t\t\t\t<\/div>\n\t\t\t\t<div class=\"elementor-element elementor-element-9212335 elementor-widget elementor-widget-heading\" data-id=\"9212335\" data-element_type=\"widget\" data-e-type=\"widget\" data-widget_type=\"heading.default\">\n\t\t\t\t<div class=\"elementor-widget-container\">\n\t\t\t\t\t<h2 class=\"elementor-heading-title elementor-size-default\"><a href=\"http:\/\/lindenegg-biel.ch\/wp-content\/uploads\/2026\/03\/Getraenkekarte_web_31.3.26.pdf\">\u2192 Liste des boissons (PDF)<\/a><\/h2>\t\t\t\t<\/div>\n\t\t\t\t<\/div>\n\t\t\t\t<div class=\"elementor-element elementor-element-2469780 elementor-widget elementor-widget-spacer\" data-id=\"2469780\" data-element_type=\"widget\" data-e-type=\"widget\" data-widget_type=\"spacer.default\">\n\t\t\t\t<div class=\"elementor-widget-container\">\n\t\t\t\t\t\t\t<div class=\"elementor-spacer\">\n\t\t\t<div class=\"elementor-spacer-inner\"><\/div>\n\t\t<\/div>\n\t\t\t\t\t\t<\/div>\n\t\t\t\t<\/div>\n\t\t\t\t<div class=\"elementor-element elementor-element-286bbb1 elementor-widget elementor-widget-image\" data-id=\"286bbb1\" data-element_type=\"widget\" data-e-type=\"widget\" data-widget_type=\"image.default\">\n\t\t\t\t<div class=\"elementor-widget-container\">\n\t\t\t\t\t\t\t\t\t\t\t\t\t\t\t<img fetchpriority=\"high\" decoding=\"async\" width=\"2560\" height=\"1707\" src=\"https:\/\/lindenegg-biel.ch\/wp-content\/uploads\/2020\/05\/Restaurant.jpg\" class=\"attachment-full size-full wp-image-699\" alt=\"\" \/>\t\t\t\t\t\t\t\t\t\t\t\t\t\t\t<\/div>\n\t\t\t\t<\/div>\n\t\t\t\t<div class=\"elementor-element elementor-element-9aafd2f elementor-widget elementor-widget-spacer\" data-id=\"9aafd2f\" data-element_type=\"widget\" data-e-type=\"widget\" data-widget_type=\"spacer.default\">\n\t\t\t\t<div class=\"elementor-widget-container\">\n\t\t\t\t\t\t\t<div class=\"elementor-spacer\">\n\t\t\t<div class=\"elementor-spacer-inner\"><\/div>\n\t\t<\/div>\n\t\t\t\t\t\t<\/div>\n\t\t\t\t<\/div>\n\t\t\t\t\t<\/div>\n\t\t<\/div>\n\t\t\t\t<div class=\"elementor-column elementor-col-50 elementor-top-column elementor-element elementor-element-18bcbfa\" data-id=\"18bcbfa\" data-element_type=\"column\" data-e-type=\"column\" data-settings=\"{&quot;background_background&quot;:&quot;classic&quot;}\">\n\t\t\t<div class=\"elementor-widget-wrap elementor-element-populated\">\n\t\t\t\t\t\t<div class=\"elementor-element elementor-element-5f1de15 elementor-widget elementor-widget-text-editor\" data-id=\"5f1de15\" data-element_type=\"widget\" data-e-type=\"widget\" data-widget_type=\"text-editor.default\">\n\t\t\t\t<div class=\"elementor-widget-container\">\n\t\t\t\t\t\t\t\t\t<p>Notre cuisine est fra\u00eeche, cr\u00e9ative et de saison. Nous utilisons des produits r\u00e9gionaux et de qualit\u00e9, de culture biologique de pr\u00e9f\u00e9rence. Nous soutenons une production durable et nous travaillons avec des partenaires locaux.<\/p>\n<p>A midi, nous servons des menus du jour simples et l\u00e9gers.<br \/>Les soirs, nous proposons un petit choix de plats originaux qui changent toutes les deux semaines. Le dimanche de 10h \u00e0 14h, nous proposons un brunch sous la forme d\u2019un copieux buffet.<br \/>Pour accompagner la pause-caf\u00e9 ou l\u2019ap\u00e9ritif, nous servons en tout temps de petites assiettes froides ou des desserts. Pour des r\u00e9servations de groupe ou une offre personnalis\u00e9e, n\u2019h\u00e9sitez pas \u00e0 nous contacter&nbsp;!<\/p>\n\t\t\t\t\t\t\t\t<\/div>\n\t\t\t\t<\/div>\n\t\t\t\t<div class=\"elementor-element elementor-element-3a45b23 elementor-widget elementor-widget-spacer\" data-id=\"3a45b23\" data-element_type=\"widget\" data-e-type=\"widget\" data-widget_type=\"spacer.default\">\n\t\t\t\t<div class=\"elementor-widget-container\">\n\t\t\t\t\t\t\t<div class=\"elementor-spacer\">\n\t\t\t<div class=\"elementor-spacer-inner\"><\/div>\n\t\t<\/div>\n\t\t\t\t\t\t<\/div>\n\t\t\t\t<\/div>\n\t\t\t\t<section class=\"elementor-section elementor-inner-section elementor-element elementor-element-db33cba elementor-section-boxed elementor-section-height-default elementor-section-height-default\" data-id=\"db33cba\" data-element_type=\"section\" data-e-type=\"section\">\n\t\t\t\t\t\t<div class=\"elementor-container elementor-column-gap-default\">\n\t\t\t\t\t<div class=\"elementor-column elementor-col-50 elementor-inner-column elementor-element elementor-element-7aea9fc\" data-id=\"7aea9fc\" data-element_type=\"column\" data-e-type=\"column\">\n\t\t\t<div class=\"elementor-widget-wrap elementor-element-populated\">\n\t\t\t\t\t\t<div class=\"elementor-element elementor-element-cff8a60 elementor-widget elementor-widget-text-editor\" data-id=\"cff8a60\" data-element_type=\"widget\" data-e-type=\"widget\" data-widget_type=\"text-editor.default\">\n\t\t\t\t<div class=\"elementor-widget-container\">\n\t\t\t\t\t\t\t\t\t<h3>Informations<br \/>r\u00e9servations<\/h3>\n\t\t\t\t\t\t\t\t<\/div>\n\t\t\t\t<\/div>\n\t\t\t\t<div class=\"elementor-element elementor-element-713e519 horaires elementor-widget elementor-widget-text-editor\" data-id=\"713e519\" data-element_type=\"widget\" data-e-type=\"widget\" data-widget_type=\"text-editor.default\">\n\t\t\t\t<div class=\"elementor-widget-container\">\n\t\t\t\t\t\t\t\t\t<p><a class=\"\" href=\"mailto:info@lindenegg.ch\" data-mce-href=\"mailto:info@lindenegg.ch\">info@lindenegg.ch<\/a><br \/><a href=\"tel:+41 32 322 94 66\" data-mce-href=\"tel:+41 32 322 94 66\">+41 32 322 94 66<\/a><br \/>Lindenegg 5<br \/>Biel\/Bienne<\/p>\n\t\t\t\t\t\t\t\t<\/div>\n\t\t\t\t<\/div>\n\t\t\t\t\t<\/div>\n\t\t<\/div>\n\t\t\t\t<div class=\"elementor-column elementor-col-50 elementor-inner-column elementor-element elementor-element-9bfe32d\" data-id=\"9bfe32d\" data-element_type=\"column\" data-e-type=\"column\">\n\t\t\t<div class=\"elementor-widget-wrap elementor-element-populated\">\n\t\t\t\t\t\t<div class=\"elementor-element elementor-element-668b28a elementor-widget elementor-widget-text-editor\" data-id=\"668b28a\" data-element_type=\"widget\" data-e-type=\"widget\" data-widget_type=\"text-editor.default\">\n\t\t\t\t<div class=\"elementor-widget-container\">\n\t\t\t\t\t\t\t\t\t<p>HEURES D\u2019OUVERTURE<br \/>DU RESTSAURANT<\/p>\n\t\t\t\t\t\t\t\t<\/div>\n\t\t\t\t<\/div>\n\t\t\t\t<div class=\"elementor-element elementor-element-79a2035 horaires elementor-widget elementor-widget-text-editor\" data-id=\"79a2035\" data-element_type=\"widget\" data-e-type=\"widget\" data-widget_type=\"text-editor.default\">\n\t\t\t\t<div class=\"elementor-widget-container\">\n\t\t\t\t\t\t\t\t\t<table class=\"mce-item-table\">\n<tbody>\n<tr>\n<td>Lu<\/td>\n<td>09.00\u201323.30<\/td>\n<\/tr>\n<tr>\n<td>Ma\u2013Me<\/td>\n<td>ferm\u00e9<\/td>\n<\/tr>\n<tr>\n<td>Je\u2013Sa<\/td>\n<td>9.00\u201323.30<\/td>\n<\/tr>\n<tr>\n<td>Di<\/td>\n<td>10.00\u201317.00<\/td>\n<\/tr>\n<\/tbody>\n<\/table>\n\t\t\t\t\t\t\t\t<\/div>\n\t\t\t\t<\/div>\n\t\t\t\t\t<\/div>\n\t\t<\/div>\n\t\t\t\t\t<\/div>\n\t\t<\/section>\n\t\t\t\t\t<\/div>\n\t\t<\/div>\n\t\t\t\t\t<\/div>\n\t\t<\/section>\n\t\t\t\t<section class=\"elementor-section elementor-top-section elementor-element elementor-element-4dc404e elementor-section-boxed elementor-section-height-default elementor-section-height-default\" data-id=\"4dc404e\" data-element_type=\"section\" data-e-type=\"section\">\n\t\t\t\t\t\t<div class=\"elementor-container elementor-column-gap-default\">\n\t\t\t\t\t<div class=\"elementor-column elementor-col-100 elementor-top-column elementor-element elementor-element-ff7116f\" data-id=\"ff7116f\" data-element_type=\"column\" data-e-type=\"column\">\n\t\t\t<div class=\"elementor-widget-wrap elementor-element-populated\">\n\t\t\t\t\t\t<section class=\"elementor-section elementor-inner-section elementor-element elementor-element-0f7d94f elementor-section-boxed elementor-section-height-default elementor-section-height-default\" data-id=\"0f7d94f\" data-element_type=\"section\" data-e-type=\"section\">\n\t\t\t\t\t\t<div class=\"elementor-container elementor-column-gap-default\">\n\t\t\t\t\t<div class=\"elementor-column elementor-col-50 elementor-inner-column elementor-element elementor-element-a70cfbd\" data-id=\"a70cfbd\" data-element_type=\"column\" data-e-type=\"column\">\n\t\t\t<div class=\"elementor-widget-wrap\">\n\t\t\t\t\t\t\t<\/div>\n\t\t<\/div>\n\t\t\t\t<div class=\"elementor-column elementor-col-50 elementor-inner-column elementor-element elementor-element-2bd60b8\" data-id=\"2bd60b8\" data-element_type=\"column\" data-e-type=\"column\">\n\t\t\t<div class=\"elementor-widget-wrap\">\n\t\t\t\t\t\t\t<\/div>\n\t\t<\/div>\n\t\t\t\t\t<\/div>\n\t\t<\/section>\n\t\t\t\t\t<\/div>\n\t\t<\/div>\n\t\t\t\t\t<\/div>\n\t\t<\/section>\n\t\t\t\t<\/div>\n\t\t","protected":false},"excerpt":{"rendered":"<p>\u2192 Carte du menu (PDF) \u2192 Menu de midi (PDF) \u2192 Liste des boissons (PDF) Notre cuisine est fra\u00eeche, cr\u00e9ative et de saison. Nous utilisons des produits r\u00e9gionaux et de qualit\u00e9, de culture biologique de pr\u00e9f\u00e9rence. Nous soutenons une production durable et nous travaillons avec des partenaires locaux. A midi, nous servons des menus du &hellip; <a href=\"https:\/\/lindenegg-biel.ch\/fr\/restaurant\/\">Continued<\/a><\/p>\n","protected":false},"author":1,"featured_media":0,"parent":0,"menu_order":0,"comment_status":"closed","ping_status":"closed","template":"","meta":{"footnotes":""},"class_list":["post-643","page","type-page","status-publish","hentry"],"_links":{"self":[{"href":"https:\/\/lindenegg-biel.ch\/fr\/wp-json\/wp\/v2\/pages\/643","targetHints":{"allow":["GET"]}}],"collection":[{"href":"https:\/\/lindenegg-biel.ch\/fr\/wp-json\/wp\/v2\/pages"}],"about":[{"href":"https:\/\/lindenegg-biel.ch\/fr\/wp-json\/wp\/v2\/types\/page"}],"author":[{"embeddable":true,"href":"https:\/\/lindenegg-biel.ch\/fr\/wp-json\/wp\/v2\/users\/1"}],"replies":[{"embeddable":true,"href":"https:\/\/lindenegg-biel.ch\/fr\/wp-json\/wp\/v2\/comments?post=643"}],"version-history":[{"count":675,"href":"https:\/\/lindenegg-biel.ch\/fr\/wp-json\/wp\/v2\/pages\/643\/revisions"}],"predecessor-version":[{"id":4132,"href":"https:\/\/lindenegg-biel.ch\/fr\/wp-json\/wp\/v2\/pages\/643\/revisions\/4132"}],"wp:attachment":[{"href":"https:\/\/lindenegg-biel.ch\/fr\/wp-json\/wp\/v2\/media?parent=643"}],"curies":[{"name":"wp","href":"https:\/\/api.w.org\/{rel}","templated":true}]}}